{"id":18548,"date":"2026-03-10T16:09:52","date_gmt":"2026-03-10T16:09:52","guid":{"rendered":"https:\/\/mentara.eu\/?post_type=product&#038;p=18548"},"modified":"2026-03-10T17:00:27","modified_gmt":"2026-03-10T17:00:27","slug":"psicoterapia-e-luto","status":"publish","type":"product","link":"https:\/\/mentara.eu\/en\/formacao\/psicoterapia-e-luto\/","title":{"rendered":"Psychotherapy and Grief"},"content":{"rendered":"<style>.elementor-18548 .elementor-element.elementor-element-fd6993c{--display:flex;}<\/style>\t\t<div data-elementor-type=\"product-post\" data-elementor-id=\"18548\" class=\"elementor elementor-18548\" data-elementor-post-type=\"product\">\n\t\t\t\t<div class=\"elementor-element elementor-element-fd6993c e-flex e-con-boxed e-con e-parent\" data-id=\"fd6993c\" data-element_type=\"container\" data-e-type=\"container\">\n\t\t\t\t\t<div class=\"e-con-inner\">\n\t\t\t\t<div class=\"elementor-element elementor-element-24d660e4 elementor-widget elementor-widget-text-editor\" data-id=\"24d660e4\" data-element_type=\"widget\" data-e-type=\"widget\" data-widget_type=\"text-editor.default\">\n\t\t\t\t<div class=\"elementor-widget-container\">\n\t\t\t\t\t\t\t\t\t<div class=\"elementor-element elementor-element-77380ea7 elementor-widget elementor-widget-text-editor\" data-id=\"77380ea7\" data-element_type=\"widget\" data-settings=\"{&quot;ekit_we_effect_on&quot;:&quot;none&quot;}\" data-widget_type=\"text-editor.default\"><div class=\"elementor-widget-container\"><p>Grief is a universal experience that arises in the face of different types of loss\u2014not only the death of someone significant, but also relational losses, health problems, identity issues, or the loss of life plans. Although it is part of the natural cycle of human experience, the grieving process can take different forms and intensities, and in some cases, it can become prolonged, complicated, or traumatic.<\/p><p>In clinical practice, therapeutic support for grief requires sensitivity, theoretical knowledge, and specific tools that allow for assisting the individual in the process of integrating the loss and reconstructing meaning.<\/p><p>This course offers an integrative approach to the grieving process, articulating contemporary theoretical models, scientific research, and clinical practice. Different manifestations of grief, criteria for identifying complicated grief, and psychotherapeutic intervention strategies appropriate to different contexts will be explored.<\/p><p>Throughout the training, participants will deepen their skills to support loss processes in an ethical, culturally sensitive, and clinically effective manner, also integrating self-care strategies for professionals who work with grief and loss.<\/p><\/div><\/div><div class=\"elementor-element elementor-element-7ce58122 elementor-widget elementor-widget-heading\" data-id=\"7ce58122\" data-element_type=\"widget\" data-settings=\"{&quot;ekit_we_effect_on&quot;:&quot;none&quot;}\" data-widget_type=\"heading.default\"><div class=\"elementor-widget-container\">\u00a0<\/div><\/div>\t\t\t\t\t\t\t\t<\/div>\n\t\t\t\t<\/div>\n\t\t\t\t\t<\/div>\n\t\t\t\t<\/div>\n\t\t\t\t<\/div>","protected":false},"excerpt":{"rendered":"<p>Este curso aprofunda a compreens\u00e3o do processo de luto e das suas diferentes manifesta\u00e7\u00f5es, oferecendo ferramentas psicoterap\u00eauticas para o acompanhamento cl\u00ednico de pessoas em processo de perda. Ser\u00e3o exploradas abordagens de interven\u00e7\u00e3o baseadas em evid\u00eancia, bem como a integra\u00e7\u00e3o de fatores culturais, relacionais e emocionais no trabalho terap\u00eautico com o luto.<\/p>","protected":false},"featured_media":8210,"comment_status":"open","ping_status":"closed","template":"","meta":{"_acf_changed":false},"product_brand":[],"product_cat":[187,80],"product_tag":[],"class_list":{"0":"post-18548","1":"product","2":"type-product","3":"status-publish","4":"has-post-thumbnail","6":"product_cat-ccd-cursos-de-curta-duracao","7":"product_cat-formacoes","8":"pa_duracao-12-horas","9":"pa_formato-online","10":"pa_mes-maio-2025","11":"pa_periodo-sessoes-no-periodo-da-manha-entre-as-10h00-e-14h00","13":"first","14":"instock","15":"sale","16":"virtual","17":"purchasable","18":"product-type-simple"},"acf":[],"_links":{"self":[{"href":"https:\/\/mentara.eu\/en\/wp-json\/wp\/v2\/product\/18548","targetHints":{"allow":["GET"]}}],"collection":[{"href":"https:\/\/mentara.eu\/en\/wp-json\/wp\/v2\/product"}],"about":[{"href":"https:\/\/mentara.eu\/en\/wp-json\/wp\/v2\/types\/product"}],"replies":[{"embeddable":true,"href":"https:\/\/mentara.eu\/en\/wp-json\/wp\/v2\/comments?post=18548"}],"version-history":[{"count":0,"href":"https:\/\/mentara.eu\/en\/wp-json\/wp\/v2\/product\/18548\/revisions"}],"wp:featuredmedia":[{"embeddable":true,"href":"https:\/\/mentara.eu\/en\/wp-json\/wp\/v2\/media\/8210"}],"wp:attachment":[{"href":"https:\/\/mentara.eu\/en\/wp-json\/wp\/v2\/media?parent=18548"}],"wp:term":[{"taxonomy":"product_brand","embeddable":true,"href":"https:\/\/mentara.eu\/en\/wp-json\/wp\/v2\/product_brand?post=18548"},{"taxonomy":"product_cat","embeddable":true,"href":"https:\/\/mentara.eu\/en\/wp-json\/wp\/v2\/product_cat?post=18548"},{"taxonomy":"product_tag","embeddable":true,"href":"https:\/\/mentara.eu\/en\/wp-json\/wp\/v2\/product_tag?post=18548"}],"curies":[{"name":"wp","href":"https:\/\/api.w.org\/{rel}","templated":true}]}}