{"id":20070,"date":"2026-04-22T14:04:56","date_gmt":"2026-04-22T14:04:56","guid":{"rendered":"https:\/\/mentara.eu\/?post_type=product&#038;p=20070"},"modified":"2026-04-22T14:33:32","modified_gmt":"2026-04-22T14:33:32","slug":"formacao-em-analise-do-carater-sistemica","status":"publish","type":"product","link":"https:\/\/mentara.eu\/en\/formacao\/formacao-em-analise-do-carater-sistemica\/","title":{"rendered":"Training in Systemic Character Analysis"},"content":{"rendered":"<p class=\"p1\">THE <span class=\"s1\"><b>Training in Systemic Character Analysis<\/b><\/span>, guided by <span class=\"s2\">Fernando Freitas<\/span>, This is a theoretical, practical, and experiential course that prepares professionals to understand and intervene in the deep patterns that organize human behavior.<\/p>\n<p class=\"p1\">Based on an integrated approach encompassing body, emotion, mind, and system, this training teaches how to identify how emotional history, primary bonds, and family dynamics are inscribed in the body\u2014influencing how each person thinks, feels, acts, and relates.<\/p>\n<p class=\"p2\">Throughout the course, participants develop skills in:<\/p>\n<ul>\n<li>passive and active body language<\/li>\n<li>identifying character traits<\/li>\n<li>understanding defense mechanisms<\/li>\n<li>Reading emotional and relational patterns<\/li>\n<\/ul>\n<p class=\"p4\">More than just acquiring knowledge, this training allows <span class=\"s1\"><b>To see more clearly, diagnose more accurately, and intervene more thoroughly.<\/b><\/span> \u2013 addressing the root causes of the problems and not just the symptoms.<\/p>","protected":false},"excerpt":{"rendered":"<p>A Forma\u00e7\u00e3o em An\u00e1lise do Car\u00e1ter Sist\u00e9mica, orientada pelo Fernando Freitas, \u00e9 um curso te\u00f3rico-pr\u00e1tico e experiencial que prepara profissionais para compreender e intervir sobre os padr\u00f5es profundos que organizam o comportamento humano. Baseada numa abordagem integrada entre corpo, emo\u00e7\u00e3o, mente e sistema, esta forma\u00e7\u00e3o ensina a identificar como a hist\u00f3ria emocional, os v\u00ednculos prim\u00e1rios [&hellip;]<\/p>\n","protected":false},"featured_media":19872,"comment_status":"open","ping_status":"closed","template":"","meta":{"_acf_changed":false},"product_brand":[],"product_cat":[186,80],"product_tag":[],"class_list":{"0":"post-20070","1":"product","2":"type-product","3":"status-publish","4":"has-post-thumbnail","6":"product_cat-cld-curso-de-longa-duracao","7":"product_cat-formacoes","9":"first","10":"instock","11":"shipping-taxable","12":"product-type-external"},"acf":[],"_links":{"self":[{"href":"https:\/\/mentara.eu\/en\/wp-json\/wp\/v2\/product\/20070","targetHints":{"allow":["GET"]}}],"collection":[{"href":"https:\/\/mentara.eu\/en\/wp-json\/wp\/v2\/product"}],"about":[{"href":"https:\/\/mentara.eu\/en\/wp-json\/wp\/v2\/types\/product"}],"replies":[{"embeddable":true,"href":"https:\/\/mentara.eu\/en\/wp-json\/wp\/v2\/comments?post=20070"}],"version-history":[{"count":8,"href":"https:\/\/mentara.eu\/en\/wp-json\/wp\/v2\/product\/20070\/revisions"}],"predecessor-version":[{"id":20105,"href":"https:\/\/mentara.eu\/en\/wp-json\/wp\/v2\/product\/20070\/revisions\/20105"}],"wp:featuredmedia":[{"embeddable":true,"href":"https:\/\/mentara.eu\/en\/wp-json\/wp\/v2\/media\/19872"}],"wp:attachment":[{"href":"https:\/\/mentara.eu\/en\/wp-json\/wp\/v2\/media?parent=20070"}],"wp:term":[{"taxonomy":"product_brand","embeddable":true,"href":"https:\/\/mentara.eu\/en\/wp-json\/wp\/v2\/product_brand?post=20070"},{"taxonomy":"product_cat","embeddable":true,"href":"https:\/\/mentara.eu\/en\/wp-json\/wp\/v2\/product_cat?post=20070"},{"taxonomy":"product_tag","embeddable":true,"href":"https:\/\/mentara.eu\/en\/wp-json\/wp\/v2\/product_tag?post=20070"}],"curies":[{"name":"wp","href":"https:\/\/api.w.org\/{rel}","templated":true}]}}