{"id":20277,"date":"2026-05-04T21:02:41","date_gmt":"2026-05-04T21:02:41","guid":{"rendered":"https:\/\/mentara.eu\/?post_type=product&#038;p=20277"},"modified":"2026-05-04T21:06:52","modified_gmt":"2026-05-04T21:06:52","slug":"crianca-ferida-adulto-em-rutura","status":"publish","type":"product","link":"https:\/\/mentara.eu\/en\/formacao\/crianca-ferida-adulto-em-rutura\/","title":{"rendered":"Injured Child, Adult in Rupture"},"content":{"rendered":"<p>The idea of the &quot;inner child&quot; has become widely used in personal development and therapeutic practice. But is it being used in the right way?<\/p>\n<p>In this open class, we will delve deeper into this concept, going beyond the simplistic and often limiting view that accompanies it.<\/p>\n<p>The &quot;inner child&quot; is not just an emotional metaphor; it&#039;s a collection of implicit memories, early experiences, and unmet needs that continue to influence behavior, emotions, and relationships in adulthood.<\/p>\n<p>However, there is a significant risk: when the focus remains excessively on the past, the adult loses ground. Responsibility is diluted. Change is postponed.<\/p>\n<p>This lesson proposes a change of perspective:<br \/>\nIt&#039;s not about &quot;going back to fix things,&quot; but about embracing, in the present, the integration and responsibility for what one experiences today.<\/p>\n<p>Because suffering isn&#039;t just in the story, it&#039;s in how that story continues to live out in the body, in choices, and in relationships.<\/p>\n<p>A lesson for those who want to understand... but above all, to transform.<\/p>","protected":false},"excerpt":{"rendered":"<p>A ideia de \u201ccrian\u00e7a interior\u201d tornou-se amplamente utilizada no desenvolvimento pessoal e na pr\u00e1tica terap\u00eautica. Mas ser\u00e1 que est\u00e1 a ser usada da forma certa? Nesta aula aberta, vamos aprofundar este conceito para al\u00e9m da vis\u00e3o simplista e, muitas vezes, limitadora que o acompanha. A \u201ccrian\u00e7a interior\u201d n\u00e3o \u00e9 apenas uma met\u00e1fora emocional, \u00e9 um [&hellip;]<\/p>\n","protected":false},"featured_media":20279,"comment_status":"open","ping_status":"closed","template":"","meta":{"_acf_changed":false},"product_brand":[],"product_cat":[187,80],"product_tag":[],"class_list":{"0":"post-20277","1":"product","2":"type-product","3":"status-publish","4":"has-post-thumbnail","6":"product_cat-ccd-cursos-de-curta-duracao","7":"product_cat-formacoes","9":"first","10":"instock","11":"shipping-taxable","12":"purchasable","13":"product-type-simple"},"acf":[],"_links":{"self":[{"href":"https:\/\/mentara.eu\/en\/wp-json\/wp\/v2\/product\/20277","targetHints":{"allow":["GET"]}}],"collection":[{"href":"https:\/\/mentara.eu\/en\/wp-json\/wp\/v2\/product"}],"about":[{"href":"https:\/\/mentara.eu\/en\/wp-json\/wp\/v2\/types\/product"}],"replies":[{"embeddable":true,"href":"https:\/\/mentara.eu\/en\/wp-json\/wp\/v2\/comments?post=20277"}],"version-history":[{"count":2,"href":"https:\/\/mentara.eu\/en\/wp-json\/wp\/v2\/product\/20277\/revisions"}],"predecessor-version":[{"id":20280,"href":"https:\/\/mentara.eu\/en\/wp-json\/wp\/v2\/product\/20277\/revisions\/20280"}],"wp:featuredmedia":[{"embeddable":true,"href":"https:\/\/mentara.eu\/en\/wp-json\/wp\/v2\/media\/20279"}],"wp:attachment":[{"href":"https:\/\/mentara.eu\/en\/wp-json\/wp\/v2\/media?parent=20277"}],"wp:term":[{"taxonomy":"product_brand","embeddable":true,"href":"https:\/\/mentara.eu\/en\/wp-json\/wp\/v2\/product_brand?post=20277"},{"taxonomy":"product_cat","embeddable":true,"href":"https:\/\/mentara.eu\/en\/wp-json\/wp\/v2\/product_cat?post=20277"},{"taxonomy":"product_tag","embeddable":true,"href":"https:\/\/mentara.eu\/en\/wp-json\/wp\/v2\/product_tag?post=20277"}],"curies":[{"name":"wp","href":"https:\/\/api.w.org\/{rel}","templated":true}]}}