{"id":13021,"date":"2025-01-06T22:10:23","date_gmt":"2025-01-06T22:10:23","guid":{"rendered":"https:\/\/mentara.eu\/?page_id=13021"},"modified":"2025-10-17T11:00:23","modified_gmt":"2025-10-17T11:00:23","slug":"politica-de-cookies","status":"publish","type":"page","link":"https:\/\/mentara.eu\/es\/politica-de-cookies\/","title":{"rendered":"Pol\u00edtica de cookies"},"content":{"rendered":"<style>.elementor-13021 .elementor-element.elementor-element-53e8f95 > .elementor-container{max-width:1200px;min-height:30vh;}.elementor-13021 .elementor-element.elementor-element-53e8f95:not(.elementor-motion-effects-element-type-background), .elementor-13021 .elementor-element.elementor-element-53e8f95 > .elementor-motion-effects-container > .elementor-motion-effects-layer{background-image:url(\"https:\/\/mentara.eu\/wp-content\/uploads\/2024\/12\/imagem-header-mentara.webp\");background-position:center center;background-size:cover;}.elementor-13021 .elementor-element.elementor-element-53e8f95 > .elementor-background-overlay{background-color:#FFFFFF;background-image:url(\"https:\/\/mentara.eu\/wp-content\/uploads\/2024\/12\/header-monograma.webp\");background-position:center center;background-repeat:no-repeat;background-size:cover;opacity:1;mix-blend-mode:multiply;transition:background 0.3s, border-radius 0.3s, opacity 0.3s;}.elementor-13021 .elementor-element.elementor-element-53e8f95{transition:background 0.3s, border 0.3s, border-radius 0.3s, box-shadow 0.3s;margin-top:-23px;margin-bottom:0px;padding:250px 0px 70px 0px;}.elementor-13021 .elementor-element.elementor-element-db15254 > .elementor-element-populated{padding:0px 0px 0px 0px;}.elementor-13021 .elementor-element.elementor-element-47919a7{text-align:center;}.elementor-13021 .elementor-element.elementor-element-47919a7 .elementor-heading-title{font-family:\"Mansure\", Sans-serif;font-size:30px;}.elementor-13021 .elementor-element.elementor-element-356adc7 .elementor-icon-list-items:not(.elementor-inline-items) .elementor-icon-list-item:not(:last-child){padding-block-end:calc(15px\/2);}.elementor-13021 .elementor-element.elementor-element-356adc7 .elementor-icon-list-items:not(.elementor-inline-items) .elementor-icon-list-item:not(:first-child){margin-block-start:calc(15px\/2);}.elementor-13021 .elementor-element.elementor-element-356adc7 .elementor-icon-list-items.elementor-inline-items .elementor-icon-list-item{margin-inline:calc(15px\/2);}.elementor-13021 .elementor-element.elementor-element-356adc7 .elementor-icon-list-items.elementor-inline-items{margin-inline:calc(-15px\/2);}.elementor-13021 .elementor-element.elementor-element-356adc7 .elementor-icon-list-items.elementor-inline-items .elementor-icon-list-item:after{inset-inline-end:calc(-15px\/2);}.elementor-13021 .elementor-element.elementor-element-356adc7 .elementor-icon-list-icon i{transition:color 0.3s;}.elementor-13021 .elementor-element.elementor-element-356adc7 .elementor-icon-list-icon svg{transition:fill 0.3s;}.elementor-13021 .elementor-element.elementor-element-356adc7{--e-icon-list-icon-size:15px;--icon-vertical-offset:0px;}.elementor-13021 .elementor-element.elementor-element-356adc7:NOT(.elementor-icon-list-ico-position-10) .elementor-icon-list-text{padding-left:15px;}.elementor-13021 .elementor-element.elementor-element-356adc7.elementor-icon-list-ico-position-10 .elementor-icon-list-text{padding-right:15px;}.elementor-13021 .elementor-element.elementor-element-356adc7 .elementor-icon-list-text{transition:color 0.3s;}.elementor-13021 .elementor-element.elementor-element-356adc7 > .elementor-widget-container{margin:0px 0px 0px -15px;}.elementor-13021 .elementor-element.elementor-element-8e1c411{--display:flex;--padding-top:50px;--padding-bottom:0px;--padding-left:0px;--padding-right:0px;}.elementor-13021 .elementor-element.elementor-element-785cda5{text-align:start;}.elementor-13021 .elementor-element.elementor-element-785cda5 .elementor-heading-title{font-family:\"Mansure\", Sans-serif;font-size:20px;}.elementor-13021 .elementor-element.elementor-element-670af36{text-align:start;}.elementor-13021 .elementor-element.elementor-element-670af36 .elementor-heading-title{font-family:\"Mansure\", Sans-serif;font-size:20px;}.elementor-13021 .elementor-element.elementor-element-2ad6dd2{text-align:start;}.elementor-13021 .elementor-element.elementor-element-2ad6dd2 .elementor-heading-title{font-family:\"Mansure\", Sans-serif;font-size:20px;}.elementor-13021 .elementor-element.elementor-element-63b9e9a{text-align:start;}.elementor-13021 .elementor-element.elementor-element-63b9e9a .elementor-heading-title{font-family:\"Mansure\", Sans-serif;font-size:20px;}body.elementor-page-13021:not(.elementor-motion-effects-element-type-background), body.elementor-page-13021 > .elementor-motion-effects-container > .elementor-motion-effects-layer{background-color:#FFFFFF;}@media(max-width:1024px){.elementor-13021 .elementor-element.elementor-element-53e8f95 > .elementor-container{min-height:28vh;}.elementor-13021 .elementor-element.elementor-element-53e8f95{padding:200px 30px 50px 30px;}}@media(max-width:767px){.elementor-13021 .elementor-element.elementor-element-53e8f95 > .elementor-container{min-height:25vh;}.elementor-13021 .elementor-element.elementor-element-53e8f95{padding:150px 20px 50px 20px;}}\/* Start Custom Fonts CSS *\/@font-face {\n\tfont-family: 'Mansure';\n\tfont-style: normal;\n\tfont-weight: normal;\n\tfont-display: auto;\n\tsrc: url('https:\/\/mentara.eu\/wp-content\/uploads\/2024\/12\/Mansure-Regular.ttf') format('truetype');\n}\n@font-face {\n\tfont-family: 'Mansure';\n\tfont-style: italic;\n\tfont-weight: normal;\n\tfont-display: auto;\n\tsrc: url('https:\/\/mentara.eu\/wp-content\/uploads\/2024\/12\/Mansure-Oblique.ttf') format('truetype');\n}\n\/* End Custom Fonts CSS *\/<\/style>\t\t<div data-elementor-type=\"wp-page\" data-elementor-id=\"13021\" class=\"elementor elementor-13021\" data-elementor-post-type=\"page\">\n\t\t\t\t\t\t<section class=\"elementor-section elementor-top-section elementor-element elementor-element-53e8f95 elementor-section-height-min-height elementor-section-boxed elementor-section-height-default elementor-section-items-middle\" data-id=\"53e8f95\" data-element_type=\"section\" data-e-type=\"section\" data-settings=\"{&quot;background_background&quot;:&quot;classic&quot;}\">\n\t\t\t\t\t\t\t<div class=\"elementor-background-overlay\"><\/div>\n\t\t\t\t\t\t\t<div class=\"elementor-container elementor-column-gap-default\">\n\t\t\t\t\t<div class=\"elementor-column elementor-col-100 elementor-top-column elementor-element elementor-element-db15254\" data-id=\"db15254\" data-element_type=\"column\" data-e-type=\"column\">\n\t\t\t<div class=\"elementor-widget-wrap elementor-element-populated\">\n\t\t\t\t\t\t<div class=\"elementor-element elementor-element-47919a7 elementor-widget elementor-widget-heading\" data-id=\"47919a7\" data-element_type=\"widget\" data-e-type=\"widget\" data-widget_type=\"heading.default\">\n\t\t\t\t<div class=\"elementor-widget-container\">\n\t\t\t\t\t<h2 class=\"elementor-heading-title elementor-size-default\">Pol\u00edtica de cookies<\/h2>\t\t\t\t<\/div>\n\t\t\t\t<\/div>\n\t\t\t\t<div class=\"elementor-element elementor-element-356adc7 elementor-icon-list--layout-inline elementor-align-center elementor-list-item-link-full_width elementor-invisible elementor-widget elementor-widget-icon-list\" data-id=\"356adc7\" data-element_type=\"widget\" data-e-type=\"widget\" data-settings=\"{&quot;_animation&quot;:&quot;fadeIn&quot;,&quot;_animation_delay&quot;:200}\" data-widget_type=\"icon-list.default\">\n\t\t\t\t<div class=\"elementor-widget-container\">\n\t\t\t\t\t\t\t<ul class=\"elementor-icon-list-items elementor-inline-items\">\n\t\t\t\t\t\t\t<li class=\"elementor-icon-list-item elementor-inline-item\">\n\t\t\t\t\t\t\t\t\t\t\t<a href=\"https:\/\/mentara.eu\/es\/\">\n\n\t\t\t\t\t\t\t\t\t\t\t<span class=\"elementor-icon-list-text\">Hogar<\/span>\n\t\t\t\t\t\t\t\t\t\t\t<\/a>\n\t\t\t\t\t\t\t\t\t<\/li>\n\t\t\t\t\t\t\t\t<li class=\"elementor-icon-list-item elementor-inline-item\">\n\t\t\t\t\t\t\t\t\t\t\t<a href=\"https:\/\/mentara.eu\/es\/politica-de-cookies\/\">\n\n\t\t\t\t\t\t\t\t\t\t\t\t<span class=\"elementor-icon-list-icon\">\n\t\t\t\t\t\t\t<i aria-hidden=\"true\" class=\"icon icon-right-arrow\"><\/i>\t\t\t\t\t\t<\/span>\n\t\t\t\t\t\t\t\t\t\t<span class=\"elementor-icon-list-text\">Pol\u00edtica de cookies<\/span>\n\t\t\t\t\t\t\t\t\t\t\t<\/a>\n\t\t\t\t\t\t\t\t\t<\/li>\n\t\t\t\t\t\t<\/ul>\n\t\t\t\t\t\t<\/div>\n\t\t\t\t<\/div>\n\t\t\t\t\t<\/div>\n\t\t<\/div>\n\t\t\t\t\t<\/div>\n\t\t<\/section>\n\t\t<div class=\"elementor-element elementor-element-8e1c411 e-flex e-con-boxed e-con e-parent\" data-id=\"8e1c411\" data-element_type=\"container\" data-e-type=\"container\">\n\t\t\t\t\t<div class=\"e-con-inner\">\n\t\t\t\t<div class=\"elementor-element elementor-element-33cc8d22 elementor-widget elementor-widget-text-editor\" data-id=\"33cc8d22\" data-element_type=\"widget\" data-e-type=\"widget\" data-widget_type=\"text-editor.default\">\n\t\t\t\t<div class=\"elementor-widget-container\">\n\t\t\t\t\t\t\t\t\t\n<p>MARIA DEL MAR \u2013 PSICOLOGIA CL\u00cdNICA, UNIPESSOAL LDA utiliza cookies para mejorar el rendimiento y la experiencia del usuario. Esta Pol\u00edtica de Cookies tiene por objeto informar a los usuarios sobre el uso de cookies en este sitio web.<\/p>\n\t\t\t\t\t\t\t\t<\/div>\n\t\t\t\t<\/div>\n\t\t\t\t<div class=\"elementor-element elementor-element-785cda5 elementor-widget elementor-widget-heading\" data-id=\"785cda5\" data-element_type=\"widget\" data-e-type=\"widget\" data-widget_type=\"heading.default\">\n\t\t\t\t<div class=\"elementor-widget-container\">\n\t\t\t\t\t<h2 class=\"elementor-heading-title elementor-size-default\">\u00bfQu\u00e9 son las cookies?<\/h2>\t\t\t\t<\/div>\n\t\t\t\t<\/div>\n\t\t\t\t<div class=\"elementor-element elementor-element-6a82644 elementor-widget elementor-widget-text-editor\" data-id=\"6a82644\" data-element_type=\"widget\" data-e-type=\"widget\" data-widget_type=\"text-editor.default\">\n\t\t\t\t<div class=\"elementor-widget-container\">\n\t\t\t\t\t\t\t\t\t\n<p>Las cookies son peque\u00f1os archivos de texto que se almacenan en su dispositivo (computadora, tableta, tel\u00e9fono inteligente, etc.) cuando visita un sitio web a trav\u00e9s de su navegador de Internet. La funci\u00f3n principal de estos archivos es reconocer el dispositivo del usuario en su pr\u00f3xima visita.<\/p>\n<p>Las cookies y tecnolog\u00edas similares utilizadas en las funciones proporcionan acceso a elementos cruciales de un servicio. Los aspectos considerados esenciales para un servicio incluyen recordar elecciones y preferencias, como la selecci\u00f3n de idioma, almacenar informaci\u00f3n asociada a tu sesi\u00f3n, como el contenido de un carrito de compra, activar funcionalidades o realizar tareas solicitadas por ti. Adem\u00e1s, contribuyen a las optimizaciones del producto que tienen como objetivo mantener y mejorar este servicio.<\/p>\n\t\t\t\t\t\t\t\t<\/div>\n\t\t\t\t<\/div>\n\t\t\t\t<div class=\"elementor-element elementor-element-670af36 elementor-widget elementor-widget-heading\" data-id=\"670af36\" data-element_type=\"widget\" data-e-type=\"widget\" data-widget_type=\"heading.default\">\n\t\t\t\t<div class=\"elementor-widget-container\">\n\t\t\t\t\t<h2 class=\"elementor-heading-title elementor-size-default\">Tipos de cookies utilizadas<\/h2>\t\t\t\t<\/div>\n\t\t\t\t<\/div>\n\t\t\t\t<div class=\"elementor-element elementor-element-01a4f59 elementor-widget elementor-widget-text-editor\" data-id=\"01a4f59\" data-element_type=\"widget\" data-e-type=\"widget\" data-widget_type=\"text-editor.default\">\n\t\t\t\t<div class=\"elementor-widget-container\">\n\t\t\t\t\t\t\t\t\t\n<p>Cookies necesarias: Son esenciales para el funcionamiento b\u00e1sico del sitio web. Le permiten navegar por el sitio web y utilizar funciones esenciales, como acceder a \u00e1reas seguras.<\/p>\n<p>Cookies de rendimiento: recopilan informaci\u00f3n sobre c\u00f3mo los usuarios interact\u00faan con el sitio web, como las p\u00e1ginas visitadas y cualquier mensaje de error. Estas cookies nos ayudan a mejorar el rendimiento del sitio web.<\/p>\n<p>Cookies de funcionalidad: Permiten que el sitio web recuerde las elecciones realizadas por el usuario (como el idioma) y personaliza la experiencia del usuario.<\/p>\n<p>Cookies publicitarias: se utilizan para presentar anuncios relevantes a los usuarios. Se pueden utilizar para orientar la publicidad en funci\u00f3n de los intereses del usuario.<\/p>\n\t\t\t\t\t\t\t\t<\/div>\n\t\t\t\t<\/div>\n\t\t\t\t<div class=\"elementor-element elementor-element-2ad6dd2 elementor-widget elementor-widget-heading\" data-id=\"2ad6dd2\" data-element_type=\"widget\" data-e-type=\"widget\" data-widget_type=\"heading.default\">\n\t\t\t\t<div class=\"elementor-widget-container\">\n\t\t\t\t\t<h2 class=\"elementor-heading-title elementor-size-default\">Informaci\u00f3n recopilada por cookies<\/h2>\t\t\t\t<\/div>\n\t\t\t\t<\/div>\n\t\t\t\t<div class=\"elementor-element elementor-element-c651253 elementor-widget elementor-widget-text-editor\" data-id=\"c651253\" data-element_type=\"widget\" data-e-type=\"widget\" data-widget_type=\"text-editor.default\">\n\t\t\t\t<div class=\"elementor-widget-container\">\n\t\t\t\t\t\t\t\t\t\n<p>Las cookies utilizadas en este sitio web no recopilan informaci\u00f3n que identifique personalmente al usuario. La informaci\u00f3n recopilada es de car\u00e1cter general e incluye c\u00f3mo los usuarios acceden y utilizan el sitio web, as\u00ed como la regi\u00f3n geogr\u00e1fica desde la que acceden al sitio web.<\/p>\n\t\t\t\t\t\t\t\t<\/div>\n\t\t\t\t<\/div>\n\t\t\t\t<div class=\"elementor-element elementor-element-63b9e9a elementor-widget elementor-widget-heading\" data-id=\"63b9e9a\" data-element_type=\"widget\" data-e-type=\"widget\" data-widget_type=\"heading.default\">\n\t\t\t\t<div class=\"elementor-widget-container\">\n\t\t\t\t\t<h2 class=\"elementor-heading-title elementor-size-default\">Gesti\u00f3n de cookies<\/h2>\t\t\t\t<\/div>\n\t\t\t\t<\/div>\n\t\t\t\t<div class=\"elementor-element elementor-element-df86c57 elementor-widget elementor-widget-text-editor\" data-id=\"df86c57\" data-element_type=\"widget\" data-e-type=\"widget\" data-widget_type=\"text-editor.default\">\n\t\t\t\t<div class=\"elementor-widget-container\">\n\t\t\t\t\t\t\t\t\t\n<p>El usuario puede, en cualquier momento, configurar su navegador para aceptar, rechazar o ser notificado sobre la recepci\u00f3n de cookies. Sin embargo, rechazar las cookies puede afectar su experiencia de usuario, limitando el acceso a ciertas \u00e1reas del sitio web.<\/p>\n<p>Al continuar utilizando este sitio web sin cambiar la configuraci\u00f3n de su navegador, usted acepta nuestro uso de cookies de acuerdo con esta Pol\u00edtica.<\/p>\n<p>Esta Pol\u00edtica de Cookies est\u00e1 sujeta a cambios, por lo que se recomienda a los usuarios que la revisen peri\u00f3dicamente para mantenerse informados sobre el uso de cookies en este sitio web.<\/p>\n<p><strong>\u00a0<\/strong><\/p>\n\t\t\t\t\t\t\t\t<\/div>\n\t\t\t\t<\/div>\n\t\t\t\t\t<\/div>\n\t\t\t\t<\/div>\n\t\t\t\t<\/div>","protected":false},"excerpt":{"rendered":"<p>Pol\u00edtica de Cookies Home Pol\u00edtica de Cookies O que s\u00e3o cookies? Tipos de Cookies Utilizados Informa\u00e7\u00f5es Recolhidas pelos Cookies Gest\u00e3o de Cookies<\/p>","protected":false},"author":1,"featured_media":0,"parent":0,"menu_order":0,"comment_status":"closed","ping_status":"closed","template":"elementor_header_footer","meta":{"_acf_changed":false,"footnotes":""},"class_list":["post-13021","page","type-page","status-publish","hentry"],"acf":[],"_links":{"self":[{"href":"https:\/\/mentara.eu\/es\/wp-json\/wp\/v2\/pages\/13021","targetHints":{"allow":["GET"]}}],"collection":[{"href":"https:\/\/mentara.eu\/es\/wp-json\/wp\/v2\/pages"}],"about":[{"href":"https:\/\/mentara.eu\/es\/wp-json\/wp\/v2\/types\/page"}],"author":[{"embeddable":true,"href":"https:\/\/mentara.eu\/es\/wp-json\/wp\/v2\/users\/1"}],"replies":[{"embeddable":true,"href":"https:\/\/mentara.eu\/es\/wp-json\/wp\/v2\/comments?post=13021"}],"version-history":[{"count":0,"href":"https:\/\/mentara.eu\/es\/wp-json\/wp\/v2\/pages\/13021\/revisions"}],"wp:attachment":[{"href":"https:\/\/mentara.eu\/es\/wp-json\/wp\/v2\/media?parent=13021"}],"curies":[{"name":"gracias","href":"https:\/\/api.w.org\/{rel}","templated":true}]}}