{"id":17362,"date":"2025-10-24T13:52:41","date_gmt":"2025-10-24T13:52:41","guid":{"rendered":"https:\/\/mentara.eu\/?page_id=17362"},"modified":"2025-10-24T13:53:41","modified_gmt":"2025-10-24T13:53:41","slug":"validacao-psicossomatica-e-epigenetica","status":"publish","type":"page","link":"https:\/\/mentara.eu\/es\/validacao-psicossomatica-e-epigenetica\/","title":{"rendered":"Valida\u00e7\u00e3o Psicossom\u00e1tica e Epigen\u00e9tica"},"content":{"rendered":"<style>.elementor-17362 .elementor-element.elementor-element-53e8f95 > .elementor-container{max-width:1200px;min-height:58vh;}.elementor-17362 .elementor-element.elementor-element-53e8f95:not(.elementor-motion-effects-element-type-background), .elementor-17362 .elementor-element.elementor-element-53e8f95 > .elementor-motion-effects-container > .elementor-motion-effects-layer{background-image:url(\"https:\/\/mentara.eu\/wp-content\/uploads\/2024\/12\/imagem-header-mentara.webp\");background-position:center center;background-size:cover;}.elementor-17362 .elementor-element.elementor-element-53e8f95 > .elementor-background-overlay{background-color:#FFFFFF;background-image:url(\"https:\/\/mentara.eu\/wp-content\/uploads\/2024\/12\/header-monograma.webp\");background-position:center center;background-repeat:no-repeat;background-size:cover;opacity:1;mix-blend-mode:multiply;transition:background 0.3s, border-radius 0.3s, opacity 0.3s;}.elementor-17362 .elementor-element.elementor-element-53e8f95{transition:background 0.3s, border 0.3s, border-radius 0.3s, box-shadow 0.3s;margin-top:-23px;margin-bottom:0px;padding:250px 0px 70px 0px;}.elementor-17362 .elementor-element.elementor-element-db15254 > .elementor-element-populated{padding:0px 250px 0px 250px;}.elementor-17362 .elementor-element.elementor-element-dfdc2f2{text-align:center;width:var( --container-widget-width, 112.05% );max-width:112.05%;--container-widget-width:112.05%;--container-widget-flex-grow:0;}.elementor-17362 .elementor-element.elementor-element-dfdc2f2 .elementor-heading-title{font-family:\"Mansure\", Sans-serif;font-size:30px;}.elementor-17362 .elementor-element.elementor-element-dfdc2f2 > .elementor-widget-container{margin:0px 0px 0px 0px;padding:0px 0px 0px 0px;}.elementor-17362 .elementor-element.elementor-element-dfdc2f2.elementor-element{--flex-grow:0;--flex-shrink:0;}.elementor-17362 .elementor-element.elementor-element-bfd12ae{text-align:center;font-family:\"Avenir\", Sans-serif;font-size:16px;font-weight:400;text-transform:none;font-style:normal;text-decoration:none;line-height:1.5em;letter-spacing:0px;color:var( --e-global-color-accent );width:var( --container-widget-width, 100% );max-width:100%;--container-widget-width:100%;--container-widget-flex-grow:0;}.elementor-17362 .elementor-element.elementor-element-bfd12ae > .elementor-widget-container{margin:0px 0px 0px 0px;}.elementor-17362 .elementor-element.elementor-element-bfd12ae.elementor-element{--align-self:center;}body.elementor-page-17362:not(.elementor-motion-effects-element-type-background), body.elementor-page-17362 > .elementor-motion-effects-container > .elementor-motion-effects-layer{background-color:#FFFFFF;}@media(max-width:1024px){.elementor-17362 .elementor-element.elementor-element-53e8f95 > .elementor-container{min-height:28vh;}.elementor-17362 .elementor-element.elementor-element-53e8f95{padding:200px 30px 50px 30px;}.elementor-17362 .elementor-element.elementor-element-bfd12ae{font-size:15px;}}@media(max-width:767px){.elementor-17362 .elementor-element.elementor-element-53e8f95 > .elementor-container{min-height:25vh;}.elementor-17362 .elementor-element.elementor-element-53e8f95{padding:150px 20px 50px 20px;}.elementor-17362 .elementor-element.elementor-element-db15254 > .elementor-element-populated{padding:0px 50px 0px 050px;}.elementor-17362 .elementor-element.elementor-element-bfd12ae{font-size:15px;}.elementor-17362 .elementor-element.elementor-element-bfd12ae > .elementor-widget-container{padding:0px 0px 075px 0px;}}\/* Start Custom Fonts CSS *\/@font-face {\n\tfont-family: 'Mansure';\n\tfont-style: normal;\n\tfont-weight: normal;\n\tfont-display: auto;\n\tsrc: url('https:\/\/mentara.eu\/wp-content\/uploads\/2024\/12\/Mansure-Regular.ttf') format('truetype');\n}\n@font-face {\n\tfont-family: 'Mansure';\n\tfont-style: italic;\n\tfont-weight: normal;\n\tfont-display: auto;\n\tsrc: url('https:\/\/mentara.eu\/wp-content\/uploads\/2024\/12\/Mansure-Oblique.ttf') format('truetype');\n}\n\/* End Custom Fonts CSS *\/\n\/* Start Custom Fonts CSS *\/@font-face {\n\tfont-family: 'Avenir';\n\tfont-style: normal;\n\tfont-weight: normal;\n\tfont-display: auto;\n\tsrc: url('https:\/\/mentara.eu\/wp-content\/uploads\/2024\/12\/Avenir-Roman.ttf') format('truetype');\n}\n@font-face {\n\tfont-family: 'Avenir';\n\tfont-style: italic;\n\tfont-weight: normal;\n\tfont-display: auto;\n\tsrc: url('https:\/\/mentara.eu\/wp-content\/uploads\/2024\/12\/Avenir-Oblique.ttf') format('truetype');\n}\n@font-face {\n\tfont-family: 'Avenir';\n\tfont-style: normal;\n\tfont-weight: 200;\n\tfont-display: auto;\n\tsrc: url('https:\/\/mentara.eu\/wp-content\/uploads\/2024\/12\/Avenir-Light.ttf') format('truetype');\n}\n@font-face {\n\tfont-family: 'Avenir';\n\tfont-style: italic;\n\tfont-weight: 200;\n\tfont-display: auto;\n\tsrc: url('https:\/\/mentara.eu\/wp-content\/uploads\/2024\/12\/Avenir-LightOblique.ttf') format('truetype');\n}\n@font-face {\n\tfont-family: 'Avenir';\n\tfont-style: italic;\n\tfont-weight: 800;\n\tfont-display: auto;\n\tsrc: url('https:\/\/mentara.eu\/wp-content\/uploads\/2024\/12\/Avenir-BlackOblique.ttf') format('truetype');\n}\n@font-face {\n\tfont-family: 'Avenir';\n\tfont-style: normal;\n\tfont-weight: 800;\n\tfont-display: auto;\n\tsrc: url('https:\/\/mentara.eu\/wp-content\/uploads\/2024\/12\/Avenir-Heavy.ttf') format('truetype');\n}\n@font-face {\n\tfont-family: 'Avenir';\n\tfont-style: normal;\n\tfont-weight: 900;\n\tfont-display: auto;\n\tsrc: url('https:\/\/mentara.eu\/wp-content\/uploads\/2024\/12\/Avenir-Black.ttf') format('truetype');\n}\n\/* End Custom Fonts CSS *\/<\/style>\t\t<div data-elementor-type=\"wp-page\" data-elementor-id=\"17362\" class=\"elementor elementor-17362\" data-elementor-post-type=\"page\">\n\t\t\t\t\t\t<section class=\"elementor-section elementor-top-section elementor-element elementor-element-53e8f95 elementor-section-height-min-height elementor-section-boxed elementor-section-height-default elementor-section-items-middle\" data-id=\"53e8f95\" data-element_type=\"section\" data-e-type=\"section\" data-settings=\"{&quot;background_background&quot;:&quot;classic&quot;}\">\n\t\t\t\t\t\t\t<div class=\"elementor-background-overlay\"><\/div>\n\t\t\t\t\t\t\t<div class=\"elementor-container elementor-column-gap-default\">\n\t\t\t\t\t<div class=\"elementor-column elementor-col-100 elementor-top-column elementor-element elementor-element-db15254\" data-id=\"db15254\" data-element_type=\"column\" data-e-type=\"column\">\n\t\t\t<div class=\"elementor-widget-wrap elementor-element-populated\">\n\t\t\t\t\t\t<div class=\"elementor-element elementor-element-dfdc2f2 elementor-widget__width-initial elementor-widget elementor-widget-heading\" data-id=\"dfdc2f2\" data-element_type=\"widget\" data-e-type=\"widget\" data-widget_type=\"heading.default\">\n\t\t\t\t<div class=\"elementor-widget-container\">\n\t\t\t\t\t<h2 class=\"elementor-heading-title elementor-size-default\">Su solicitud de informaci\u00f3n sobre el Curso de Especializaci\u00f3n en Psicosom\u00e1tica y Epigen\u00e9tica.<\/h2>\t\t\t\t<\/div>\n\t\t\t\t<\/div>\n\t\t\t\t<div class=\"elementor-element elementor-element-bfd12ae elementor-widget__width-initial elementor-invisible elementor-widget elementor-widget-text-editor\" data-id=\"bfd12ae\" data-element_type=\"widget\" data-e-type=\"widget\" data-settings=\"{&quot;_animation&quot;:&quot;fadeIn&quot;,&quot;_animation_delay&quot;:400}\" data-widget_type=\"text-editor.default\">\n\t\t\t\t<div class=\"elementor-widget-container\">\n\t\t\t\t\t\t\t\t\t<p>Nos pondremos en contacto con usted en breve.<\/p>\t\t\t\t\t\t\t\t<\/div>\n\t\t\t\t<\/div>\n\t\t\t\t\t<\/div>\n\t\t<\/div>\n\t\t\t\t\t<\/div>\n\t\t<\/section>\n\t\t\t\t<\/div>","protected":false},"excerpt":{"rendered":"<p>O seu pedido de informa\u00e7\u00f5es para o Curso de Especializa\u00e7\u00e3o em Psicossom\u00e1tica e Epigen\u00e9tica. Entraremos em contacto brevemente.<\/p>","protected":false},"author":1,"featured_media":0,"parent":0,"menu_order":0,"comment_status":"closed","ping_status":"closed","template":"elementor_header_footer","meta":{"_acf_changed":false,"footnotes":""},"class_list":["post-17362","page","type-page","status-publish","hentry"],"acf":[],"_links":{"self":[{"href":"https:\/\/mentara.eu\/es\/wp-json\/wp\/v2\/pages\/17362","targetHints":{"allow":["GET"]}}],"collection":[{"href":"https:\/\/mentara.eu\/es\/wp-json\/wp\/v2\/pages"}],"about":[{"href":"https:\/\/mentara.eu\/es\/wp-json\/wp\/v2\/types\/page"}],"author":[{"embeddable":true,"href":"https:\/\/mentara.eu\/es\/wp-json\/wp\/v2\/users\/1"}],"replies":[{"embeddable":true,"href":"https:\/\/mentara.eu\/es\/wp-json\/wp\/v2\/comments?post=17362"}],"version-history":[{"count":0,"href":"https:\/\/mentara.eu\/es\/wp-json\/wp\/v2\/pages\/17362\/revisions"}],"wp:attachment":[{"href":"https:\/\/mentara.eu\/es\/wp-json\/wp\/v2\/media?parent=17362"}],"curies":[{"name":"gracias","href":"https:\/\/api.w.org\/{rel}","templated":true}]}}