{"id":10286,"date":"2026-01-28T14:26:49","date_gmt":"2026-01-28T14:26:49","guid":{"rendered":"https:\/\/mentara.eu\/?post_type=product&#038;p=10286"},"modified":"2026-04-01T14:11:49","modified_gmt":"2026-04-01T14:11:49","slug":"leitura-corporal","status":"publish","type":"product","link":"https:\/\/mentara.eu\/es\/formacao\/leitura-corporal\/","title":{"rendered":"El lenguaje corporal en psicoterapia: t\u00e9cnicas y aplicaciones"},"content":{"rendered":"<p>Este curso capacita a psicoterapeutas y profesionales de la salud para utilizar el lenguaje corporal como herramienta complementaria en la pr\u00e1ctica terap\u00e9utica. La formaci\u00f3n proporciona t\u00e9cnicas pr\u00e1cticas y conocimientos te\u00f3ricos para interpretar se\u00f1ales no verbales, mejorar la comprensi\u00f3n de los estados emocionales y conductuales de los pacientes y promover intervenciones m\u00e1s sensibles y eficaces.<\/p>","protected":false},"excerpt":{"rendered":"<div class=\"elementor-element elementor-element-21ef7d49 elementor-widget elementor-widget-text-editor\" data-id=\"21ef7d49\" data-element_type=\"widget\" data-settings=\"{&quot;ekit_we_effect_on&quot;:&quot;none&quot;}\" data-widget_type=\"text-editor.default\">\n<div class=\"elementor-widget-container\">\n<p class=\"p1\"><span style=\"font-family: -apple-system, BlinkMacSystemFont, 'Segoe UI', Roboto, 'Helvetica Neue', Arial, 'Noto Sans', sans-serif, 'Apple Color Emoji', 'Segoe UI Emoji', 'Segoe UI Symbol', 'Noto Color Emoji';\">Este curso capacita a psicoterapeutas y profesionales de la salud para utilizar la lectura corporal como herramienta complementaria en la pr\u00e1ctica terap\u00e9utica. La capacitaci\u00f3n proporciona t\u00e9cnicas pr\u00e1cticas y conocimientos te\u00f3ricos para interpretar se\u00f1ales no verbales, ampliando la comprensi\u00f3n de los estados emocionales y conductuales de los clientes y promoviendo intervenciones m\u00e1s sensibles y efectivas.<\/span><\/p>\n<\/div>\n<\/div>\n<div class=\"elementor-element elementor-element-7792b5ec elementor-widget elementor-widget-heading\" data-id=\"7792b5ec\" data-element_type=\"widget\" data-settings=\"{&quot;ekit_we_effect_on&quot;:&quot;none&quot;}\" data-widget_type=\"heading.default\">\n<div class=\"elementor-widget-container\">\n<div class=\"elementor-element elementor-element-7792b5ec elementor-widget elementor-widget-heading\" data-id=\"7792b5ec\" data-element_type=\"widget\" data-settings=\"{&quot;ekit_we_effect_on&quot;:&quot;none&quot;}\" data-widget_type=\"heading.default\">\n<div class=\"elementor-widget-container\"><\/div>\n<\/div>\n<\/div>\n<\/div>","protected":false},"featured_media":10001,"comment_status":"open","ping_status":"closed","template":"","meta":{"_acf_changed":false},"product_brand":[],"product_cat":[187,80],"product_tag":[],"class_list":{"0":"post-10286","1":"product","2":"type-product","3":"status-publish","4":"has-post-thumbnail","6":"product_cat-ccd-cursos-de-curta-duracao","7":"product_cat-formacoes","8":"pa_duracao-12-horas","9":"pa_formato-online","10":"pa_mes-marco-2025","11":"pa_periodo-sessoes-no-periodo-da-manha-entre-as-10h00-e-14h00","13":"first","14":"instock","15":"sale","16":"virtual","17":"purchasable","18":"product-type-simple"},"acf":[],"_links":{"self":[{"href":"https:\/\/mentara.eu\/es\/wp-json\/wp\/v2\/product\/10286","targetHints":{"allow":["GET"]}}],"collection":[{"href":"https:\/\/mentara.eu\/es\/wp-json\/wp\/v2\/product"}],"about":[{"href":"https:\/\/mentara.eu\/es\/wp-json\/wp\/v2\/types\/product"}],"replies":[{"embeddable":true,"href":"https:\/\/mentara.eu\/es\/wp-json\/wp\/v2\/comments?post=10286"}],"version-history":[{"count":7,"href":"https:\/\/mentara.eu\/es\/wp-json\/wp\/v2\/product\/10286\/revisions"}],"predecessor-version":[{"id":18676,"href":"https:\/\/mentara.eu\/es\/wp-json\/wp\/v2\/product\/10286\/revisions\/18676"}],"wp:featuredmedia":[{"embeddable":true,"href":"https:\/\/mentara.eu\/es\/wp-json\/wp\/v2\/media\/10001"}],"wp:attachment":[{"href":"https:\/\/mentara.eu\/es\/wp-json\/wp\/v2\/media?parent=10286"}],"wp:term":[{"taxonomy":"product_brand","embeddable":true,"href":"https:\/\/mentara.eu\/es\/wp-json\/wp\/v2\/product_brand?post=10286"},{"taxonomy":"product_cat","embeddable":true,"href":"https:\/\/mentara.eu\/es\/wp-json\/wp\/v2\/product_cat?post=10286"},{"taxonomy":"product_tag","embeddable":true,"href":"https:\/\/mentara.eu\/es\/wp-json\/wp\/v2\/product_tag?post=10286"}],"curies":[{"name":"gracias","href":"https:\/\/api.w.org\/{rel}","templated":true}]}}