{"id":10301,"date":"2026-01-29T14:48:10","date_gmt":"2026-01-29T14:48:10","guid":{"rendered":"https:\/\/mentara.eu\/?post_type=product&#038;p=10301"},"modified":"2026-04-21T00:00:27","modified_gmt":"2026-04-21T00:00:27","slug":"abordagens-humanistas-e-corporais-na-ansiedade-e-ataques-de-panico","status":"publish","type":"product","link":"https:\/\/mentara.eu\/es\/formacao\/abordagens-humanistas-e-corporais-na-ansiedade-e-ataques-de-panico\/","title":{"rendered":"Enfoques humanistas y corporales de la ansiedad y los ataques de p\u00e1nico"},"content":{"rendered":"<div class=\"elementor-element elementor-element-77380ea7 elementor-widget elementor-widget-text-editor\" data-id=\"77380ea7\" data-element_type=\"widget\" data-settings=\"{&quot;ekit_we_effect_on&quot;:&quot;none&quot;}\" data-widget_type=\"text-editor.default\">\n<div class=\"elementor-widget-container\">\n<p class=\"p1\">\n<\/div>\n<\/div>\n<div class=\"elementor-element elementor-element-7ce58122 elementor-widget elementor-widget-heading\" data-id=\"7ce58122\" data-element_type=\"widget\" data-settings=\"{&quot;ekit_we_effect_on&quot;:&quot;none&quot;}\" data-widget_type=\"heading.default\">\n<div class=\"elementor-widget-container\"><\/div>\n<\/div>","protected":false},"excerpt":{"rendered":"<p>Este curso capacita a psicoterapeutas y profesionales de la salud para utilizar enfoques humanistas y corporales en el tratamiento de la ansiedad y los ataques de p\u00e1nico. La formaci\u00f3n se centra en intervenciones que integran experiencias emocionales y som\u00e1ticas, promoviendo t\u00e9cnicas de regulaci\u00f3n emocional y conexi\u00f3n a tierra, al tiempo que fortalecen la relaci\u00f3n terap\u00e9utica a trav\u00e9s de la empat\u00eda y la presencia.<\/p>","protected":false},"featured_media":10123,"comment_status":"open","ping_status":"closed","template":"","meta":{"_acf_changed":false},"product_brand":[],"product_cat":[187,80],"product_tag":[],"class_list":{"0":"post-10301","1":"product","2":"type-product","3":"status-publish","4":"has-post-thumbnail","6":"product_cat-ccd-cursos-de-curta-duracao","7":"product_cat-formacoes","8":"pa_duracao-12-horas","9":"pa_formato-online","10":"pa_mes-maio-2025","11":"pa_periodo-sessoes-no-periodo-da-manha-entre-as-10h00-e-14h00","13":"first","14":"instock","15":"virtual","16":"purchasable","17":"product-type-simple"},"acf":[],"_links":{"self":[{"href":"https:\/\/mentara.eu\/es\/wp-json\/wp\/v2\/product\/10301","targetHints":{"allow":["GET"]}}],"collection":[{"href":"https:\/\/mentara.eu\/es\/wp-json\/wp\/v2\/product"}],"about":[{"href":"https:\/\/mentara.eu\/es\/wp-json\/wp\/v2\/types\/product"}],"replies":[{"embeddable":true,"href":"https:\/\/mentara.eu\/es\/wp-json\/wp\/v2\/comments?post=10301"}],"version-history":[{"count":5,"href":"https:\/\/mentara.eu\/es\/wp-json\/wp\/v2\/product\/10301\/revisions"}],"predecessor-version":[{"id":18450,"href":"https:\/\/mentara.eu\/es\/wp-json\/wp\/v2\/product\/10301\/revisions\/18450"}],"wp:featuredmedia":[{"embeddable":true,"href":"https:\/\/mentara.eu\/es\/wp-json\/wp\/v2\/media\/10123"}],"wp:attachment":[{"href":"https:\/\/mentara.eu\/es\/wp-json\/wp\/v2\/media?parent=10301"}],"wp:term":[{"taxonomy":"product_brand","embeddable":true,"href":"https:\/\/mentara.eu\/es\/wp-json\/wp\/v2\/product_brand?post=10301"},{"taxonomy":"product_cat","embeddable":true,"href":"https:\/\/mentara.eu\/es\/wp-json\/wp\/v2\/product_cat?post=10301"},{"taxonomy":"product_tag","embeddable":true,"href":"https:\/\/mentara.eu\/es\/wp-json\/wp\/v2\/product_tag?post=10301"}],"curies":[{"name":"gracias","href":"https:\/\/api.w.org\/{rel}","templated":true}]}}