{"id":16193,"date":"2025-07-21T15:41:08","date_gmt":"2025-07-21T15:41:08","guid":{"rendered":"https:\/\/mentara.eu\/?post_type=product&#038;p=16193"},"modified":"2026-03-17T22:50:40","modified_gmt":"2026-03-17T22:50:40","slug":"a-forma-do-trauma","status":"publish","type":"product","link":"https:\/\/mentara.eu\/es\/formacao\/a-forma-do-trauma\/","title":{"rendered":"La forma del trauma"},"content":{"rendered":"<p>El trauma no s\u00f3lo vive en la memoria narrativa: se manifiesta en el cuerpo, en los patrones de regulaci\u00f3n emocional y en c\u00f3mo nos relacionamos con nosotros mismos y con los dem\u00e1s.<\/p>\n<p>Este programa de formaci\u00f3n ofrece un enfoque profundo y experiencial del trauma, integrando aportes de la neurociencia, la epigen\u00e9tica, la psicolog\u00eda pre y perinatal y la psicoterapia som\u00e1tica, basado en pr\u00e1cticas cl\u00ednicas y corporales que promueven la seguridad, la presencia y la integraci\u00f3n.<\/p>\n<p>A lo largo del curso, se le invitar\u00e1 a comprender c\u00f3mo se organiza el trauma en el sistema nervioso, c\u00f3mo se transmite transgeneracionalmente y c\u00f3mo puede permanecer de forma silenciosa y persistente en el cuerpo, incluso cuando no hay memoria consciente asociada.<\/p>\n<p>La formaci\u00f3n combina s\u00f3lidos contenidos te\u00f3ricos con pr\u00e1cticas som\u00e1ticas experienciales, ofreciendo herramientas concretas para apoyar procesos terap\u00e9uticos m\u00e1s regulados, conscientes y profundamente humanos. Las propuestas del libro &quot;El Camino del Trauma&quot; sirven de base para la exploraci\u00f3n pr\u00e1ctica y cl\u00ednica, promoviendo un di\u00e1logo entre el conocimiento, el cuerpo y la experiencia.<\/p>\n<p>Es tambi\u00e9n un espacio seguro de intercambio y reflexi\u00f3n, donde la integraci\u00f3n personal y profesional se da de forma respetuosa, relacional y contenida.<\/p>","protected":false},"excerpt":{"rendered":"<p class=\"p1\">Este taller capacita a psicoterapeutas y profesionales de la salud para comprender e intervenir en los efectos som\u00e1ticos del trauma. Mediante un enfoque integral, exploraremos las dimensiones transgeneracionales, neurofisiol\u00f3gicas, epigen\u00e9ticas y psicoemocionales del trauma, utilizando pr\u00e1cticas inspiradas en el libro. <i>\u201cEl camino del trauma\u201d<\/i>El objetivo es profundizar en la percepci\u00f3n del cuerpo como espacio de memoria, expresi\u00f3n y transformaci\u00f3n, promoviendo la seguridad, la regulaci\u00f3n y la reconexi\u00f3n.<\/p>","protected":false},"featured_media":16195,"comment_status":"open","ping_status":"closed","template":"","meta":{"_acf_changed":false},"product_brand":[],"product_cat":[181,80],"product_tag":[],"class_list":{"0":"post-16193","1":"product","2":"type-product","3":"status-publish","4":"has-post-thumbnail","6":"product_cat-cmd-cursos-de-media-duracao","7":"product_cat-formacoes","8":"pa_duracao-8-horas","9":"pa_formato-presencial","10":"pa_mes-dezembro-2025","12":"first","13":"outofstock","14":"virtual","15":"product-type-simple"},"acf":[],"_links":{"self":[{"href":"https:\/\/mentara.eu\/es\/wp-json\/wp\/v2\/product\/16193","targetHints":{"allow":["GET"]}}],"collection":[{"href":"https:\/\/mentara.eu\/es\/wp-json\/wp\/v2\/product"}],"about":[{"href":"https:\/\/mentara.eu\/es\/wp-json\/wp\/v2\/types\/product"}],"replies":[{"embeddable":true,"href":"https:\/\/mentara.eu\/es\/wp-json\/wp\/v2\/comments?post=16193"}],"version-history":[{"count":8,"href":"https:\/\/mentara.eu\/es\/wp-json\/wp\/v2\/product\/16193\/revisions"}],"predecessor-version":[{"id":18444,"href":"https:\/\/mentara.eu\/es\/wp-json\/wp\/v2\/product\/16193\/revisions\/18444"}],"wp:featuredmedia":[{"embeddable":true,"href":"https:\/\/mentara.eu\/es\/wp-json\/wp\/v2\/media\/16195"}],"wp:attachment":[{"href":"https:\/\/mentara.eu\/es\/wp-json\/wp\/v2\/media?parent=16193"}],"wp:term":[{"taxonomy":"product_brand","embeddable":true,"href":"https:\/\/mentara.eu\/es\/wp-json\/wp\/v2\/product_brand?post=16193"},{"taxonomy":"product_cat","embeddable":true,"href":"https:\/\/mentara.eu\/es\/wp-json\/wp\/v2\/product_cat?post=16193"},{"taxonomy":"product_tag","embeddable":true,"href":"https:\/\/mentara.eu\/es\/wp-json\/wp\/v2\/product_tag?post=16193"}],"curies":[{"name":"gracias","href":"https:\/\/api.w.org\/{rel}","templated":true}]}}