{"id":18548,"date":"2026-03-10T16:09:52","date_gmt":"2026-03-10T16:09:52","guid":{"rendered":"https:\/\/mentara.eu\/?post_type=product&#038;p=18548"},"modified":"2026-03-10T17:00:27","modified_gmt":"2026-03-10T17:00:27","slug":"psicoterapia-e-luto","status":"publish","type":"product","link":"https:\/\/mentara.eu\/es\/formacao\/psicoterapia-e-luto\/","title":{"rendered":"Psicoterapia y duelo"},"content":{"rendered":"<style>.elementor-18548 .elementor-element.elementor-element-fd6993c{--display:flex;}<\/style>\t\t<div data-elementor-type=\"product-post\" data-elementor-id=\"18548\" class=\"elementor elementor-18548\" data-elementor-post-type=\"product\">\n\t\t\t\t<div class=\"elementor-element elementor-element-fd6993c e-flex e-con-boxed e-con e-parent\" data-id=\"fd6993c\" data-element_type=\"container\" data-e-type=\"container\">\n\t\t\t\t\t<div class=\"e-con-inner\">\n\t\t\t\t<div class=\"elementor-element elementor-element-24d660e4 elementor-widget elementor-widget-text-editor\" data-id=\"24d660e4\" data-element_type=\"widget\" data-e-type=\"widget\" data-widget_type=\"text-editor.default\">\n\t\t\t\t<div class=\"elementor-widget-container\">\n\t\t\t\t\t\t\t\t\t<div class=\"elementor-element elementor-element-77380ea7 elementor-widget elementor-widget-text-editor\" data-id=\"77380ea7\" data-element_type=\"widget\" data-settings=\"{&quot;ekit_we_effect_on&quot;:&quot;none&quot;}\" data-widget_type=\"text-editor.default\"><div class=\"elementor-widget-container\"><p>El duelo es una experiencia universal que surge ante diferentes tipos de p\u00e9rdida: no solo la muerte de un ser querido, sino tambi\u00e9n p\u00e9rdidas relacionales, problemas de salud, problemas de identidad o la p\u00e9rdida de un plan de vida. Si bien forma parte del ciclo natural de la experiencia humana, el proceso de duelo puede adoptar diferentes formas e intensidades y, en algunos casos, puede volverse prolongado, complicado o traum\u00e1tico.<\/p><p>En la pr\u00e1ctica cl\u00ednica, el apoyo terap\u00e9utico al duelo requiere sensibilidad, conocimientos te\u00f3ricos y herramientas espec\u00edficas que permitan acompa\u00f1ar al individuo en el proceso de integraci\u00f3n de la p\u00e9rdida y reconstrucci\u00f3n de significado.<\/p><p>Este curso ofrece un enfoque integrador del proceso de duelo, articulando modelos te\u00f3ricos contempor\u00e1neos, investigaci\u00f3n cient\u00edfica y pr\u00e1ctica cl\u00ednica. Se explorar\u00e1n las diferentes manifestaciones del duelo, los criterios para identificar el duelo complejo y las estrategias de intervenci\u00f3n psicoterap\u00e9utica adecuadas para diferentes contextos.<\/p><p>A lo largo de la formaci\u00f3n, los participantes profundizar\u00e1n sus habilidades para apoyar los procesos de p\u00e9rdida de una manera \u00e9tica, culturalmente sensible y cl\u00ednicamente efectiva, integrando tambi\u00e9n estrategias de autocuidado para profesionales que trabajan con el duelo y la p\u00e9rdida.<\/p><\/div><\/div><div class=\"elementor-element elementor-element-7ce58122 elementor-widget elementor-widget-heading\" data-id=\"7ce58122\" data-element_type=\"widget\" data-settings=\"{&quot;ekit_we_effect_on&quot;:&quot;none&quot;}\" data-widget_type=\"heading.default\"><div class=\"elementor-widget-container\">\u00a0<\/div><\/div>\t\t\t\t\t\t\t\t<\/div>\n\t\t\t\t<\/div>\n\t\t\t\t\t<\/div>\n\t\t\t\t<\/div>\n\t\t\t\t<\/div>","protected":false},"excerpt":{"rendered":"<p>Este curso aprofunda a compreens\u00e3o do processo de luto e das suas diferentes manifesta\u00e7\u00f5es, oferecendo ferramentas psicoterap\u00eauticas para o acompanhamento cl\u00ednico de pessoas em processo de perda. Ser\u00e3o exploradas abordagens de interven\u00e7\u00e3o baseadas em evid\u00eancia, bem como a integra\u00e7\u00e3o de fatores culturais, relacionais e emocionais no trabalho terap\u00eautico com o luto.<\/p>","protected":false},"featured_media":8210,"comment_status":"open","ping_status":"closed","template":"","meta":{"_acf_changed":false},"product_brand":[],"product_cat":[187,80],"product_tag":[],"class_list":{"0":"post-18548","1":"product","2":"type-product","3":"status-publish","4":"has-post-thumbnail","6":"product_cat-ccd-cursos-de-curta-duracao","7":"product_cat-formacoes","8":"pa_duracao-12-horas","9":"pa_formato-online","10":"pa_mes-maio-2025","11":"pa_periodo-sessoes-no-periodo-da-manha-entre-as-10h00-e-14h00","13":"first","14":"instock","15":"sale","16":"virtual","17":"purchasable","18":"product-type-simple"},"acf":[],"_links":{"self":[{"href":"https:\/\/mentara.eu\/es\/wp-json\/wp\/v2\/product\/18548","targetHints":{"allow":["GET"]}}],"collection":[{"href":"https:\/\/mentara.eu\/es\/wp-json\/wp\/v2\/product"}],"about":[{"href":"https:\/\/mentara.eu\/es\/wp-json\/wp\/v2\/types\/product"}],"replies":[{"embeddable":true,"href":"https:\/\/mentara.eu\/es\/wp-json\/wp\/v2\/comments?post=18548"}],"version-history":[{"count":7,"href":"https:\/\/mentara.eu\/es\/wp-json\/wp\/v2\/product\/18548\/revisions"}],"predecessor-version":[{"id":18563,"href":"https:\/\/mentara.eu\/es\/wp-json\/wp\/v2\/product\/18548\/revisions\/18563"}],"wp:featuredmedia":[{"embeddable":true,"href":"https:\/\/mentara.eu\/es\/wp-json\/wp\/v2\/media\/8210"}],"wp:attachment":[{"href":"https:\/\/mentara.eu\/es\/wp-json\/wp\/v2\/media?parent=18548"}],"wp:term":[{"taxonomy":"product_brand","embeddable":true,"href":"https:\/\/mentara.eu\/es\/wp-json\/wp\/v2\/product_brand?post=18548"},{"taxonomy":"product_cat","embeddable":true,"href":"https:\/\/mentara.eu\/es\/wp-json\/wp\/v2\/product_cat?post=18548"},{"taxonomy":"product_tag","embeddable":true,"href":"https:\/\/mentara.eu\/es\/wp-json\/wp\/v2\/product_tag?post=18548"}],"curies":[{"name":"gracias","href":"https:\/\/api.w.org\/{rel}","templated":true}]}}