{"id":20070,"date":"2026-04-22T14:04:56","date_gmt":"2026-04-22T14:04:56","guid":{"rendered":"https:\/\/mentara.eu\/?post_type=product&#038;p=20070"},"modified":"2026-04-22T14:33:32","modified_gmt":"2026-04-22T14:33:32","slug":"formacao-em-analise-do-carater-sistemica","status":"publish","type":"product","link":"https:\/\/mentara.eu\/es\/formacao\/formacao-em-analise-do-carater-sistemica\/","title":{"rendered":"Formaci\u00f3n en an\u00e1lisis sist\u00e9mico del car\u00e1cter"},"content":{"rendered":"<p class=\"p1\">EL <span class=\"s1\"><b>Formaci\u00f3n en an\u00e1lisis sist\u00e9mico del car\u00e1cter<\/b><\/span>, guiado por <span class=\"s2\">Fernando Freitas<\/span>, Este es un curso te\u00f3rico, pr\u00e1ctico y experiencial que prepara a los profesionales para comprender e intervenir en los patrones profundos que organizan el comportamiento humano.<\/p>\n<p class=\"p1\">Basada en un enfoque integral que abarca el cuerpo, la emoci\u00f3n, la mente y el sistema, esta formaci\u00f3n ense\u00f1a c\u00f3mo identificar la manera en que la historia emocional, los v\u00ednculos primarios y la din\u00e1mica familiar se inscriben en el cuerpo, influyendo en c\u00f3mo cada persona piensa, siente, act\u00faa y se relaciona.<\/p>\n<p class=\"p2\">A lo largo del curso, los participantes desarrollan habilidades en:<\/p>\n<ul>\n<li>lenguaje corporal pasivo y activo<\/li>\n<li>identificar rasgos de car\u00e1cter<\/li>\n<li>comprender los mecanismos de defensa<\/li>\n<li>Interpretaci\u00f3n de patrones emocionales y relacionales<\/li>\n<\/ul>\n<p class=\"p4\">M\u00e1s que simplemente adquirir conocimientos, esta formaci\u00f3n permite <span class=\"s1\"><b>Para ver con mayor claridad, diagnosticar con mayor precisi\u00f3n e intervenir de forma m\u00e1s exhaustiva.<\/b><\/span> \u2013 abordar las causas profundas de los problemas y no solo los s\u00edntomas.<\/p>","protected":false},"excerpt":{"rendered":"<p>A Forma\u00e7\u00e3o em An\u00e1lise do Car\u00e1ter Sist\u00e9mica, orientada pelo Fernando Freitas, \u00e9 um curso te\u00f3rico-pr\u00e1tico e experiencial que prepara profissionais para compreender e intervir sobre os padr\u00f5es profundos que organizam o comportamento humano. Baseada numa abordagem integrada entre corpo, emo\u00e7\u00e3o, mente e sistema, esta forma\u00e7\u00e3o ensina a identificar como a hist\u00f3ria emocional, os v\u00ednculos prim\u00e1rios [&hellip;]<\/p>\n","protected":false},"featured_media":19872,"comment_status":"open","ping_status":"closed","template":"","meta":{"_acf_changed":false},"product_brand":[],"product_cat":[186,80],"product_tag":[],"class_list":{"0":"post-20070","1":"product","2":"type-product","3":"status-publish","4":"has-post-thumbnail","6":"product_cat-cld-curso-de-longa-duracao","7":"product_cat-formacoes","9":"first","10":"instock","11":"shipping-taxable","12":"product-type-external"},"acf":[],"_links":{"self":[{"href":"https:\/\/mentara.eu\/es\/wp-json\/wp\/v2\/product\/20070","targetHints":{"allow":["GET"]}}],"collection":[{"href":"https:\/\/mentara.eu\/es\/wp-json\/wp\/v2\/product"}],"about":[{"href":"https:\/\/mentara.eu\/es\/wp-json\/wp\/v2\/types\/product"}],"replies":[{"embeddable":true,"href":"https:\/\/mentara.eu\/es\/wp-json\/wp\/v2\/comments?post=20070"}],"version-history":[{"count":8,"href":"https:\/\/mentara.eu\/es\/wp-json\/wp\/v2\/product\/20070\/revisions"}],"predecessor-version":[{"id":20105,"href":"https:\/\/mentara.eu\/es\/wp-json\/wp\/v2\/product\/20070\/revisions\/20105"}],"wp:featuredmedia":[{"embeddable":true,"href":"https:\/\/mentara.eu\/es\/wp-json\/wp\/v2\/media\/19872"}],"wp:attachment":[{"href":"https:\/\/mentara.eu\/es\/wp-json\/wp\/v2\/media?parent=20070"}],"wp:term":[{"taxonomy":"product_brand","embeddable":true,"href":"https:\/\/mentara.eu\/es\/wp-json\/wp\/v2\/product_brand?post=20070"},{"taxonomy":"product_cat","embeddable":true,"href":"https:\/\/mentara.eu\/es\/wp-json\/wp\/v2\/product_cat?post=20070"},{"taxonomy":"product_tag","embeddable":true,"href":"https:\/\/mentara.eu\/es\/wp-json\/wp\/v2\/product_tag?post=20070"}],"curies":[{"name":"gracias","href":"https:\/\/api.w.org\/{rel}","templated":true}]}}