{"id":20277,"date":"2026-05-04T21:02:41","date_gmt":"2026-05-04T21:02:41","guid":{"rendered":"https:\/\/mentara.eu\/?post_type=product&#038;p=20277"},"modified":"2026-05-04T21:06:52","modified_gmt":"2026-05-04T21:06:52","slug":"crianca-ferida-adulto-em-rutura","status":"publish","type":"product","link":"https:\/\/mentara.eu\/es\/formacao\/crianca-ferida-adulto-em-rutura\/","title":{"rendered":"Ni\u00f1o herido, adulto con rotura de pr\u00f3tesis"},"content":{"rendered":"<p>La idea del &quot;ni\u00f1o interior&quot; se ha popularizado en el desarrollo personal y la pr\u00e1ctica terap\u00e9utica. Pero, \u00bfse est\u00e1 utilizando correctamente?<\/p>\n<p>En esta clase abierta, profundizaremos en este concepto, yendo m\u00e1s all\u00e1 de la visi\u00f3n simplista y a menudo limitante que lo acompa\u00f1a.<\/p>\n<p>El &quot;ni\u00f1o interior&quot; no es solo una met\u00e1fora emocional; es un conjunto de recuerdos impl\u00edcitos, experiencias tempranas y necesidades insatisfechas que siguen influyendo en el comportamiento, las emociones y las relaciones en la edad adulta.<\/p>\n<p>Sin embargo, existe un riesgo significativo: cuando la atenci\u00f3n se centra excesivamente en el pasado, el adulto pierde terreno. La responsabilidad se diluye. El cambio se pospone.<\/p>\n<p>Esta lecci\u00f3n propone un cambio de perspectiva:<br \/>\nNo se trata de &quot;volver atr\u00e1s para arreglar las cosas&quot;, sino de asumir, en el presente, la integraci\u00f3n y la responsabilidad de lo que uno experimenta hoy.<\/p>\n<p>Porque el sufrimiento no reside solo en la historia, sino en c\u00f3mo esa historia sigue desarroll\u00e1ndose en el cuerpo, en las decisiones y en las relaciones.<\/p>\n<p>Una lecci\u00f3n para quienes desean comprender... pero sobre todo, transformar.<\/p>","protected":false},"excerpt":{"rendered":"<p>A ideia de \u201ccrian\u00e7a interior\u201d tornou-se amplamente utilizada no desenvolvimento pessoal e na pr\u00e1tica terap\u00eautica. Mas ser\u00e1 que est\u00e1 a ser usada da forma certa? Nesta aula aberta, vamos aprofundar este conceito para al\u00e9m da vis\u00e3o simplista e, muitas vezes, limitadora que o acompanha. A \u201ccrian\u00e7a interior\u201d n\u00e3o \u00e9 apenas uma met\u00e1fora emocional, \u00e9 um [&hellip;]<\/p>\n","protected":false},"featured_media":20279,"comment_status":"open","ping_status":"closed","template":"","meta":{"_acf_changed":false},"product_brand":[],"product_cat":[187,80],"product_tag":[],"class_list":{"0":"post-20277","1":"product","2":"type-product","3":"status-publish","4":"has-post-thumbnail","6":"product_cat-ccd-cursos-de-curta-duracao","7":"product_cat-formacoes","9":"first","10":"instock","11":"shipping-taxable","12":"purchasable","13":"product-type-simple"},"acf":[],"_links":{"self":[{"href":"https:\/\/mentara.eu\/es\/wp-json\/wp\/v2\/product\/20277","targetHints":{"allow":["GET"]}}],"collection":[{"href":"https:\/\/mentara.eu\/es\/wp-json\/wp\/v2\/product"}],"about":[{"href":"https:\/\/mentara.eu\/es\/wp-json\/wp\/v2\/types\/product"}],"replies":[{"embeddable":true,"href":"https:\/\/mentara.eu\/es\/wp-json\/wp\/v2\/comments?post=20277"}],"version-history":[{"count":2,"href":"https:\/\/mentara.eu\/es\/wp-json\/wp\/v2\/product\/20277\/revisions"}],"predecessor-version":[{"id":20280,"href":"https:\/\/mentara.eu\/es\/wp-json\/wp\/v2\/product\/20277\/revisions\/20280"}],"wp:featuredmedia":[{"embeddable":true,"href":"https:\/\/mentara.eu\/es\/wp-json\/wp\/v2\/media\/20279"}],"wp:attachment":[{"href":"https:\/\/mentara.eu\/es\/wp-json\/wp\/v2\/media?parent=20277"}],"wp:term":[{"taxonomy":"product_brand","embeddable":true,"href":"https:\/\/mentara.eu\/es\/wp-json\/wp\/v2\/product_brand?post=20277"},{"taxonomy":"product_cat","embeddable":true,"href":"https:\/\/mentara.eu\/es\/wp-json\/wp\/v2\/product_cat?post=20277"},{"taxonomy":"product_tag","embeddable":true,"href":"https:\/\/mentara.eu\/es\/wp-json\/wp\/v2\/product_tag?post=20277"}],"curies":[{"name":"gracias","href":"https:\/\/api.w.org\/{rel}","templated":true}]}}